{"id":7241,"date":"2024-11-22T14:09:32","date_gmt":"2024-11-22T17:09:32","guid":{"rendered":"https:\/\/planeta.inf.br\/?post_type=product&#038;p=7241"},"modified":"2026-03-12T13:36:49","modified_gmt":"2026-03-12T16:36:49","slug":"aipa","status":"publish","type":"product","link":"https:\/\/www.vsamsolution.com\/br\/product\/aipa\/","title":{"rendered":"AIPA"},"content":{"rendered":"<p>O AiPA \u00e9 um aplicativo de software poderoso que permite pagamentos EMV em validadores com esfor\u00e7o m\u00ednimo de integra\u00e7\u00e3o. Ele funciona como um intermedi\u00e1rio entre o software validador e o leitor EMV L1, padronizando a interface e o protocolo de comunica\u00e7\u00e3o. O validador tamb\u00e9m pode se comunicar diretamente com o leitor, permitindo integra\u00e7\u00e3o perfeita com aplicativos existentes. \u00c9 compat\u00edvel com v\u00e1rios provedores de servi\u00e7os de pagamento (PSPs), simplificando o processo de conex\u00e3o e configura\u00e7\u00e3o. O AiPA pode operar em dois modos: online ou diferido.<br \/>\nNo modo online, ele processa todas as valida\u00e7\u00f5es no servidor, garantindo autoriza\u00e7\u00e3o e seguran\u00e7a em tempo real. No modo diferido, ele processa as valida\u00e7\u00f5es localmente e as transmite ao servidor posteriormente, reduzindo o tempo de transa\u00e7\u00e3o, a depend\u00eancia de rede e<br \/>\nos custos. O AiPA \u00e9 otimizado para funcionar com os dispositivos VSAM e e-VSAM, que s\u00e3o leitores EMV L1 com recursos e desempenho<br \/>\navan\u00e7ados. Ele tamb\u00e9m pode funcionar com kernels L2 de terceiros, sistemas de gerenciamento de chaves (KMS) e m\u00f3dulos de acesso seguro (SAMs), fornecendo flexibilidade e compatibilidade. O AiPA tem um recurso de lista de nega\u00e7\u00e3o multin\u00edvel que permite bloquear transa\u00e7\u00f5es indesejadas com base em diferentes crit\u00e9rios.<\/p>\n","protected":false},"excerpt":{"rendered":"<p>Aplicativo de pagamento de intercepta\u00e7\u00e3o agn\u00f3stica<\/p>\n","protected":false},"featured_media":7262,"comment_status":"closed","ping_status":"closed","template":"","meta":{"_monsterinsights_skip_tracking":false,"_monsterinsights_sitenote_active":false,"_monsterinsights_sitenote_note":"","_monsterinsights_sitenote_category":0,"advanced_seo_description":"","jetpack_seo_html_title":"","jetpack_seo_noindex":false,"_links_to":"","_links_to_target":""},"product_cat":[117,124,98],"product_tag":[],"jetpack_sharing_enabled":true,"_links":{"self":[{"href":"https:\/\/www.vsamsolution.com\/br\/wp-json\/wp\/v2\/product\/7241"}],"collection":[{"href":"https:\/\/www.vsamsolution.com\/br\/wp-json\/wp\/v2\/product"}],"about":[{"href":"https:\/\/www.vsamsolution.com\/br\/wp-json\/wp\/v2\/types\/product"}],"replies":[{"embeddable":true,"href":"https:\/\/www.vsamsolution.com\/br\/wp-json\/wp\/v2\/comments?post=7241"}],"wp:featuredmedia":[{"embeddable":true,"href":"https:\/\/www.vsamsolution.com\/br\/wp-json\/wp\/v2\/media\/7262"}],"wp:attachment":[{"href":"https:\/\/www.vsamsolution.com\/br\/wp-json\/wp\/v2\/media?parent=7241"}],"wp:term":[{"taxonomy":"product_cat","embeddable":true,"href":"https:\/\/www.vsamsolution.com\/br\/wp-json\/wp\/v2\/product_cat?post=7241"},{"taxonomy":"product_tag","embeddable":true,"href":"https:\/\/www.vsamsolution.com\/br\/wp-json\/wp\/v2\/product_tag?post=7241"}],"curies":[{"name":"wp","href":"https:\/\/api.w.org\/{rel}","templated":true}]}}