{"id":6851,"date":"2024-09-25T16:44:34","date_gmt":"2024-09-25T19:44:34","guid":{"rendered":"https:\/\/planeta.inf.br\/?post_type=product&#038;p=6851"},"modified":"2025-02-17T09:55:39","modified_gmt":"2025-02-17T12:55:39","slug":"cpr100-copia","status":"publish","type":"product","link":"https:\/\/www.vsamsolution.com\/br\/product\/cpr100-copia\/","title":{"rendered":"VM Manager"},"content":{"rendered":"<p>O VM Manager \u00e9 um software que se integra a sistemas online e offline, desenvolvido para configurar e gerenciar equipamentos contidos em m\u00e1quinas de venda autom\u00e1tica.<br \/>\nPermite definir o tipo de pagamento, protocolo de comunica\u00e7\u00e3o com a m\u00e1quina, tabelas\u00a0 e produtos com pre\u00e7os diferenciados, listas de<br \/>\ncr\u00e9dito (dispon\u00edveis para cart\u00f5es propriet\u00e1rios), entre outras fun\u00e7\u00f5es. Com a coleta de dados, \u00e9 poss\u00edvel emitir relat\u00f3rios de fechamento contendo dados de vendas como valores, tempo de transa\u00e7\u00e3o, usu\u00e1rio, equipamento, produto e movimenta\u00e7\u00f5es diversas.<br \/>\nO VM Manager trabalha com os seguintes m\u00f3dulos de vendas (habilitados por meio de licen\u00e7as):<\/p>\n<ul>\n<li>Online<\/li>\n<li>Offline<\/li>\n<li>POS<\/li>\n<li>Telemetria<\/li>\n<\/ul>\n<p>Os m\u00f3dulos de vendas s\u00e3o personaliz\u00e1veis e podem ser habilitados de acordo com a necessidade do cliente. Veja mais detalhes n\u00a0 &#8220;Cap\u00edtulo M\u00f3dulos de Vendas para M\u00e1quinas de Venda Autom\u00e1tica&#8221;.<\/p>\n<p><center><img fetchpriority=\"high\" decoding=\"async\" class=\"alignnone wp-image-6853\" src=\"https:\/\/planeta.inf.br\/wp-content\/uploads\/2024\/09\/VM-Manager-1024x552.png\" alt=\"\" width=\"800\" height=\"431\" srcset=\"https:\/\/www.vsamsolution.com\/wp-content\/uploads\/2024\/09\/VM-Manager-1024x552.png 1024w, https:\/\/www.vsamsolution.com\/wp-content\/uploads\/2024\/09\/VM-Manager-300x162.png 300w, https:\/\/www.vsamsolution.com\/wp-content\/uploads\/2024\/09\/VM-Manager-768x414.png 768w, https:\/\/www.vsamsolution.com\/wp-content\/uploads\/2024\/09\/VM-Manager-1536x828.png 1536w, https:\/\/www.vsamsolution.com\/wp-content\/uploads\/2024\/09\/VM-Manager-980x528.png 980w, https:\/\/www.vsamsolution.com\/wp-content\/uploads\/2024\/09\/VM-Manager.png 1798w\" sizes=\"(max-width: 800px) 100vw, 800px\" \/>&gt;&lt;\/center:<\/center><\/p>\n","protected":false},"excerpt":{"rendered":"<p>Sistema de cart\u00e3o de personaliza\u00e7\u00e3o.<\/p>\n","protected":false},"featured_media":6852,"comment_status":"closed","ping_status":"closed","template":"","meta":{"_monsterinsights_skip_tracking":false,"_monsterinsights_sitenote_active":false,"_monsterinsights_sitenote_note":"","_monsterinsights_sitenote_category":0,"advanced_seo_description":"","jetpack_seo_html_title":"","jetpack_seo_noindex":false,"_links_to":"","_links_to_target":""},"product_cat":[117,124,98],"product_tag":[119],"jetpack_sharing_enabled":true,"_links":{"self":[{"href":"https:\/\/www.vsamsolution.com\/br\/wp-json\/wp\/v2\/product\/6851"}],"collection":[{"href":"https:\/\/www.vsamsolution.com\/br\/wp-json\/wp\/v2\/product"}],"about":[{"href":"https:\/\/www.vsamsolution.com\/br\/wp-json\/wp\/v2\/types\/product"}],"replies":[{"embeddable":true,"href":"https:\/\/www.vsamsolution.com\/br\/wp-json\/wp\/v2\/comments?post=6851"}],"wp:featuredmedia":[{"embeddable":true,"href":"https:\/\/www.vsamsolution.com\/br\/wp-json\/wp\/v2\/media\/6852"}],"wp:attachment":[{"href":"https:\/\/www.vsamsolution.com\/br\/wp-json\/wp\/v2\/media?parent=6851"}],"wp:term":[{"taxonomy":"product_cat","embeddable":true,"href":"https:\/\/www.vsamsolution.com\/br\/wp-json\/wp\/v2\/product_cat?post=6851"},{"taxonomy":"product_tag","embeddable":true,"href":"https:\/\/www.vsamsolution.com\/br\/wp-json\/wp\/v2\/product_tag?post=6851"}],"curies":[{"name":"wp","href":"https:\/\/api.w.org\/{rel}","templated":true}]}}