{"id":6842,"date":"2024-09-25T10:18:11","date_gmt":"2024-09-25T13:18:11","guid":{"rendered":"https:\/\/planeta.inf.br\/?post_type=product&#038;p=6842"},"modified":"2026-02-12T08:25:24","modified_gmt":"2026-02-12T11:25:24","slug":"cpr100","status":"publish","type":"product","link":"https:\/\/www.vsamsolution.com\/br\/product\/cpr100\/","title":{"rendered":"CPR100"},"content":{"rendered":"<p>O sistema de personaliza\u00e7\u00e3o de cart\u00f5es da Planeta \u00e9 uma solu\u00e7\u00e3o para personaliza\u00e7\u00e3o el\u00e9trica e gr\u00e1fica de cart\u00f5es usando diferentes tecnologias. Ele permite realizar tarefas como:<\/p>\n<ul>\n<li>Impress\u00e3o de n\u00famero de s\u00e9rie em diversos formatos com layout configur\u00e1vel.<\/li>\n<li>Escrita de setores de cart\u00e3o ISO14443 a partir de um arquivo de entrada.<\/li>\n<li>Troca de chaves e modos de acesso para cart\u00f5es ISO14443.<\/li>\n<li>Captura e processamento de informa\u00e7\u00f5es de cart\u00f5es em lotes, gerando um arquivo com n\u00fameros de s\u00e9rie em diferentes formatos.<\/li>\n<li>Separa\u00e7\u00e3o de cart\u00f5es problem\u00e1ticos de bons e gera\u00e7\u00e3o de relat\u00f3rios.<\/li>\n<\/ul>\n<p>Essas tarefas s\u00e3o realizadas usando impressoras de cart\u00f5es e o trator LM700. Cart\u00f5es de 125Khz compat\u00edveis com o padr\u00e3o ISO14443 s\u00e3o aceitos, e as opera\u00e7\u00f5es dependem da tecnologia de cart\u00e3o usada.<\/p>\n<p><center><img fetchpriority=\"high\" decoding=\"async\" class=\"alignnone wp-image-6843\" src=\"https:\/\/planeta.inf.br\/wp-content\/uploads\/2024\/09\/CPR100-1024x706.png\" alt=\"\" width=\"800\" height=\"552\" srcset=\"https:\/\/www.vsamsolution.com\/wp-content\/uploads\/2024\/09\/CPR100-1024x706.png 1024w, https:\/\/www.vsamsolution.com\/wp-content\/uploads\/2024\/09\/CPR100-300x207.png 300w, https:\/\/www.vsamsolution.com\/wp-content\/uploads\/2024\/09\/CPR100-768x530.png 768w, https:\/\/www.vsamsolution.com\/wp-content\/uploads\/2024\/09\/CPR100-1536x1059.png 1536w, https:\/\/www.vsamsolution.com\/wp-content\/uploads\/2024\/09\/CPR100-980x676.png 980w, https:\/\/www.vsamsolution.com\/wp-content\/uploads\/2024\/09\/CPR100.png 1881w\" sizes=\"(max-width: 800px) 100vw, 800px\" \/><\/center><\/p>\n","protected":false},"excerpt":{"rendered":"<p><a href=\"https:\/\/www.planeta.inf.br\/wp-content\/uploads\/2026\/01\/EFOL-CPR100.pdf<\/a>Sistema de cart\u00e3o de personaliza\u00e7\u00e3o.<\/p>\n","protected":false},"featured_media":6849,"comment_status":"closed","ping_status":"closed","template":"","meta":{"_monsterinsights_skip_tracking":false,"_monsterinsights_sitenote_active":false,"_monsterinsights_sitenote_note":"","_monsterinsights_sitenote_category":0,"advanced_seo_description":"","jetpack_seo_html_title":"","jetpack_seo_noindex":false,"_links_to":"","_links_to_target":""},"product_cat":[117,124,98],"product_tag":[],"jetpack_sharing_enabled":true,"_links":{"self":[{"href":"https:\/\/www.vsamsolution.com\/br\/wp-json\/wp\/v2\/product\/6842"}],"collection":[{"href":"https:\/\/www.vsamsolution.com\/br\/wp-json\/wp\/v2\/product"}],"about":[{"href":"https:\/\/www.vsamsolution.com\/br\/wp-json\/wp\/v2\/types\/product"}],"replies":[{"embeddable":true,"href":"https:\/\/www.vsamsolution.com\/br\/wp-json\/wp\/v2\/comments?post=6842"}],"wp:featuredmedia":[{"embeddable":true,"href":"https:\/\/www.vsamsolution.com\/br\/wp-json\/wp\/v2\/media\/6849"}],"wp:attachment":[{"href":"https:\/\/www.vsamsolution.com\/br\/wp-json\/wp\/v2\/media?parent=6842"}],"wp:term":[{"taxonomy":"product_cat","embeddable":true,"href":"https:\/\/www.vsamsolution.com\/br\/wp-json\/wp\/v2\/product_cat?post=6842"},{"taxonomy":"product_tag","embeddable":true,"href":"https:\/\/www.vsamsolution.com\/br\/wp-json\/wp\/v2\/product_tag?post=6842"}],"curies":[{"name":"wp","href":"https:\/\/api.w.org\/{rel}","templated":true}]}}