{"id":6791,"date":"2024-09-20T14:00:00","date_gmt":"2024-09-20T17:00:00","guid":{"rendered":"https:\/\/planeta.inf.br\/?post_type=product&#038;p=6791"},"modified":"2025-02-17T10:22:17","modified_gmt":"2025-02-17T13:22:17","slug":"ccv760","status":"publish","type":"product","link":"https:\/\/www.vsamsolution.com\/br\/product\/ccv760\/","title":{"rendered":"CCV760"},"content":{"rendered":"<p>O CCV760 \u00e9 um sistema de pagamento vers\u00e1til para m\u00e1quinas de venda autom\u00e1tica, operando tanto off-line quanto on-line usando protocolos MDB, executivo e de pulso. Ele garante a seguran\u00e7a das transa\u00e7\u00f5es com cart\u00f5es inteligentes, permitindo pagamentos e recargas off-line. O dispositivo tamb\u00e9m pode integrar tecnologias de identifica\u00e7\u00e3o existentes, como crach\u00e1s da empresa, sem emitir novos cart\u00f5es.<\/p>\n<p>Ele funciona como uma esta\u00e7\u00e3o de recarga, aceitando notas e moedas para recarregar os cart\u00f5es do usu\u00e1rio. Integrado ao sistema VM-Manager, o CCV760 oferece:<\/p>\n<ul>\n<li>Grava\u00e7\u00e3o e recupera\u00e7\u00e3o de log<\/li>\n<li>Configura\u00e7\u00e3o de pol\u00edtica de grupo m\u00faltiplo<\/li>\n<li>Recarga de autocr\u00e9dito<\/li>\n<li>Gera\u00e7\u00e3o de relat\u00f3rios<\/li>\n<li>Uso de cart\u00f5es de configura\u00e7\u00e3o<\/li>\n<\/ul>\n<p>Mesmo no modo off-line, a sincroniza\u00e7\u00e3o via cart\u00f5es inteligentes minimiza a necessidade de transportar hardware delicado. Esses recursos tornam o CCV760 escal\u00e1vel e adapt\u00e1vel para v\u00e1rias instala\u00e7\u00f5es.<\/p>\n","protected":false},"excerpt":{"rendered":"<div class=\"flex max-w-full flex-col flex-grow\">\n<div class=\"min-h-[20px] text-message flex w-full flex-col items-end gap-2 whitespace-normal break-words [.text-message+&amp;]:mt-5\" dir=\"auto\" data-message-author-role=\"assistant\" data-message-id=\"e73090d4-7b69-4c2f-ba41-97ffb4c5fe96\">\n<div class=\"flex w-full flex-col gap-1 empty:hidden first:pt-[3px]\">\n<div class=\"markdown prose w-full break-words dark:prose-invert light\">\n<div class=\"flex max-w-full flex-col flex-grow\">\n<div class=\"min-h-[20px] text-message flex w-full flex-col items-end gap-2 whitespace-normal break-words [.text-message+&amp;]:mt-5\" dir=\"auto\" data-message-author-role=\"assistant\" data-message-id=\"196b451e-22f6-4f0e-b002-9f5a11f06286\">\n<div class=\"flex w-full flex-col gap-1 empty:hidden first:pt-[3px]\">\n<div class=\"markdown prose w-full break-words dark:prose-invert light\">\n<p>Sistema de pagamento sem dinheiro para m\u00e1quinas de venda autom\u00e1tica<\/p>\n<\/div>\n<\/div>\n<\/div>\n<\/div>\n<\/div>\n<\/div>\n<\/div>\n<\/div>\n","protected":false},"featured_media":6798,"comment_status":"closed","ping_status":"closed","template":"","meta":{"_monsterinsights_skip_tracking":false,"_monsterinsights_sitenote_active":false,"_monsterinsights_sitenote_note":"","_monsterinsights_sitenote_category":0,"advanced_seo_description":"","jetpack_seo_html_title":"","jetpack_seo_noindex":false,"_links_to":"","_links_to_target":""},"product_cat":[117,118],"product_tag":[119],"jetpack_sharing_enabled":true,"_links":{"self":[{"href":"https:\/\/www.vsamsolution.com\/br\/wp-json\/wp\/v2\/product\/6791"}],"collection":[{"href":"https:\/\/www.vsamsolution.com\/br\/wp-json\/wp\/v2\/product"}],"about":[{"href":"https:\/\/www.vsamsolution.com\/br\/wp-json\/wp\/v2\/types\/product"}],"replies":[{"embeddable":true,"href":"https:\/\/www.vsamsolution.com\/br\/wp-json\/wp\/v2\/comments?post=6791"}],"wp:featuredmedia":[{"embeddable":true,"href":"https:\/\/www.vsamsolution.com\/br\/wp-json\/wp\/v2\/media\/6798"}],"wp:attachment":[{"href":"https:\/\/www.vsamsolution.com\/br\/wp-json\/wp\/v2\/media?parent=6791"}],"wp:term":[{"taxonomy":"product_cat","embeddable":true,"href":"https:\/\/www.vsamsolution.com\/br\/wp-json\/wp\/v2\/product_cat?post=6791"},{"taxonomy":"product_tag","embeddable":true,"href":"https:\/\/www.vsamsolution.com\/br\/wp-json\/wp\/v2\/product_tag?post=6791"}],"curies":[{"name":"wp","href":"https:\/\/api.w.org\/{rel}","templated":true}]}}